{"id":1795,"date":"2019-03-20T06:18:07","date_gmt":"2019-03-20T06:18:07","guid":{"rendered":"http:\/\/themebeer.com\/wp\/fexa\/?page_id=1795"},"modified":"2021-10-26T14:59:20","modified_gmt":"2021-10-26T14:59:20","slug":"about","status":"publish","type":"page","link":"https:\/\/www.sakaryaarabuluculukmerkezi.com\/?page_id=1795","title":{"rendered":"Hakk\u0131m\u0131zda"},"content":{"rendered":"<p>[vc_row gap=&#8221;10&#8243; equal_height=&#8221;yes&#8221; content_placement=&#8221;middle&#8221;][vc_column] \n\n    <section class=\"section-padding pdb0 feature-section\">\n      <div class=\"container\">\n        <div class=\"row\">\n          <div class=\"col-lg-4\">\n            <div class=\"section-heading section-heading--left section-heading--border-right\">\n              <h2 class=\"section-title\">Arabuluculuk ve Uyu\u015fmazl\u0131k \u00c7\u00f6z\u00fcmleri<span class=\"separator\"><\/span> <\/h2>\n            <\/div>\n          <\/div>\n          <div class=\"col-lg-8\">\n            <div class=\"row\">\n                \n                    <div class=\"col-md-4\">\n                      <div class=\"feature wow fadeInUpSmd\" data-wow-duration=\"1.5s\" data-wow-delay=\".1s\">\n                        <div class=\"feature__image\">\n                          <i class=\"icon-icomooon-logo base-color feature-icon\"><\/i>\n                        <\/div>\n                        <h3 class=\"feature__title\"><a href=\"#\">Uzman Arabulucu<\/a><\/h3>\n                        <p>Deneyimin gerektirdi\u011fi tecr\u00fcbeye inan\u0131yoruz.<\/p>\n                      <\/div> \n                    <\/div> \n                      \n                    <div class=\"col-md-4\">\n                      <div class=\"feature wow fadeInUpSmd\" data-wow-duration=\"1.5s\" data-wow-delay=\".3s\">\n                        <div class=\"feature__image\">\n                          <i class=\"icon-icomooon-furniture base-color feature-icon\"><\/i>\n                        <\/div>\n                        <h3 class=\"feature__title\"><a href=\"#\">\u00c7\u00f6z\u00fcme Ula\u015fma Yakla\u015f\u0131m\u0131<\/a><\/h3>\n                        <p>Taraflar aras\u0131 \u00e7\u00f6z\u00fcme k\u0131sa s\u00fcrede ula\u015fma<\/p>\n                      <\/div> \n                    <\/div> \n                      \n                    <div class=\"col-md-4\">\n                      <div class=\"feature wow fadeInUpSmd\" data-wow-duration=\"1.5s\" data-wow-delay=\".5s\">\n                        <div class=\"feature__image\">\n                          <i class=\"icon-icomooon-handshep base-color feature-icon\"><\/i>\n                        <\/div>\n                        <h3 class=\"feature__title\"><a href=\"#\">G\u00fcvenilir Hizmet<\/a><\/h3>\n                        <p>\u00c7\u00f6z\u00fcm arayan taraflar\u0131n kendini g\u00fcvende hissetmesi \u00f6nemlidir<\/p>\n                      <\/div> \n                    <\/div> \n                       \n            <\/div>\n          <\/div>\n        <\/div>\n        <div class=\"row\">\n          <div class=\"col-md-12\">\n            <div class=\"fame-introduce\">\n              <div class=\"fame-introduce__photo\">\n                <img decoding=\"async\" src=\"https:\/\/www.sakaryaarabuluculukmerkezi.com\/wp-content\/uploads\/2019\/03\/intro-1.jpg\" alt=\"Signature\">\n                <div class=\"fame-introduce__middle-image\">\n                  <img decoding=\"async\" src=\"https:\/\/www.sakaryaarabuluculukmerkezi.com\/wp-content\/uploads\/2019\/03\/flower-1.png\" alt=\"\">\n                <\/div>\n              <\/div>\n              <div class=\"fame-introduce__text-content\">\n                                <h2 class=\"fame-introduce__title\">Hakk\u0131m\u0131zda<\/h2>\n                <p>Sakarya Arabuluculuk Merkezi; Sakarya'n\u0131n ilk ve en b\u00fcy\u00fck arabuluculuk merkezidir. Merkezimizin kurucular\u0131n\u0131n her biri, alanlar\u0131nda yetkin, tecr\u00fcbeli hukuk\u00e7ular ve uzman arabuluculard\u0131r.<br \/>\nMerkezimiz; ihtilaf halindeki taraflar\u0131n ger\u00e7ek iradeleri do\u011frultusunda, gizlilik prensibi \u0131\u015f\u0131\u011f\u0131nda, tarafs\u0131z ve ba\u011f\u0131ms\u0131z olarak, taraflar\u0131n etkin kat\u0131l\u0131m\u0131yla, \u00e7\u00f6z\u00fcm esnekli\u011fi ve \u00e7\u00f6z\u00fcm alternatifleri dahilinde, yarg\u0131lamadan daha k\u0131sa s\u00fcrede, ekonomik bir \u015fekilde, taraflar a\u00e7\u0131s\u0131ndan menfaat temelli sonu\u00e7lar elde ederek uyu\u015fmazl\u0131klar\u0131 \u00e7\u00f6z\u00fcmlemeyi ama\u00e7layan bir kurumdur.<br \/>\nMerkezimiz; ihtilaf halindeki taraflar\u0131n ger\u00e7ek iradeleri do\u011frultusunda, gizlilik prensibi \u0131\u015f\u0131\u011f\u0131nda, tarafs\u0131z ve ba\u011f\u0131ms\u0131z olarak taraflar\u0131n etkin kat\u0131l\u0131m\u0131yla, \u00e7\u00f6z\u00fcm esnekli\u011fi ve \u00e7\u00f6z\u00fcm alternatifleri dahilinde, yarg\u0131lanmadan daha k\u0131sa s\u00fcrede, ekonomik bir \u015fekilde, taraflar a\u00e7\u0131s\u0131ndan menfaat temelli sonu\u00e7lar elde ederek uyu\u015fmazl\u0131klar\u0131 \u00e7\u00f6z\u00fcmlemeyi ama\u00e7layan bir kurumdur.<\/p>\n                              <\/div>\n            <\/div>\n          <\/div>\n        <\/div>\n      <\/div>\n    <\/section>\n\n[\/vc_column][\/vc_row][vc_row][vc_column][vc_column_text][\/vc_column_text][\/vc_column][\/vc_row][vc_row][vc_column][vc_column_text]<span style=\"color: #ffffff;\">Sakarya Arabuluculuk<\/span><\/p>\n<p><span style=\"color: #ffffff;\">Marmara Arabuluculuk<\/span><\/p>\n<p><span style=\"color: #ffffff;\">Arabuluculuk nedir?<\/span>[\/vc_column_text][\/vc_column][\/vc_row]<\/p>\n","protected":false},"excerpt":{"rendered":"<p>[vc_row gap=&#8221;10&#8243; equal_height=&#8221;yes&#8221; content_placement=&#8221;middle&#8221;][vc_column][\/vc_column][\/vc_row][vc_row][vc_column][vc_column_text][\/vc_column_text][\/vc_column][\/vc_row][vc_row][vc_column][vc_column_text]Sakarya Arabuluculuk Marmara Arabuluculuk Arabuluculuk nedir?[\/vc_column_text][\/vc_column][\/vc_row]<\/p>\n","protected":false},"author":1,"featured_media":1912,"parent":0,"menu_order":0,"comment_status":"closed","ping_status":"closed","template":"template-parts\/tmp-box-page.php","meta":{"_monsterinsights_skip_tracking":false,"_monsterinsights_sitenote_active":false,"_monsterinsights_sitenote_note":"","_monsterinsights_sitenote_category":0,"footnotes":""},"class_list":["post-1795","page","type-page","status-publish","has-post-thumbnail","hentry"],"aioseo_notices":[],"_links":{"self":[{"href":"https:\/\/www.sakaryaarabuluculukmerkezi.com\/index.php?rest_route=\/wp\/v2\/pages\/1795","targetHints":{"allow":["GET"]}}],"collection":[{"href":"https:\/\/www.sakaryaarabuluculukmerkezi.com\/index.php?rest_route=\/wp\/v2\/pages"}],"about":[{"href":"https:\/\/www.sakaryaarabuluculukmerkezi.com\/index.php?rest_route=\/wp\/v2\/types\/page"}],"author":[{"embeddable":true,"href":"https:\/\/www.sakaryaarabuluculukmerkezi.com\/index.php?rest_route=\/wp\/v2\/users\/1"}],"replies":[{"embeddable":true,"href":"https:\/\/www.sakaryaarabuluculukmerkezi.com\/index.php?rest_route=%2Fwp%2Fv2%2Fcomments&post=1795"}],"version-history":[{"count":12,"href":"https:\/\/www.sakaryaarabuluculukmerkezi.com\/index.php?rest_route=\/wp\/v2\/pages\/1795\/revisions"}],"predecessor-version":[{"id":2302,"href":"https:\/\/www.sakaryaarabuluculukmerkezi.com\/index.php?rest_route=\/wp\/v2\/pages\/1795\/revisions\/2302"}],"wp:featuredmedia":[{"embeddable":true,"href":"https:\/\/www.sakaryaarabuluculukmerkezi.com\/index.php?rest_route=\/wp\/v2\/media\/1912"}],"wp:attachment":[{"href":"https:\/\/www.sakaryaarabuluculukmerkezi.com\/index.php?rest_route=%2Fwp%2Fv2%2Fmedia&parent=1795"}],"curies":[{"name":"wp","href":"https:\/\/api.w.org\/{rel}","templated":true}]}}