{"id":1806,"date":"2019-03-20T06:34:30","date_gmt":"2019-03-20T06:34:30","guid":{"rendered":"http:\/\/themebeer.com\/wp\/fexa\/?page_id=1806"},"modified":"2021-10-25T16:22:21","modified_gmt":"2021-10-25T16:22:21","slug":"business-law","status":"publish","type":"page","link":"https:\/\/www.sakaryaarabuluculukmerkezi.com\/?page_id=1806","title":{"rendered":"ARABULUCULUK NED\u0130R ?"},"content":{"rendered":"<h3>Arabuluculuk nedir ?<\/h3>\n<p>Arabuluculuk; ba\u011f\u0131ms\u0131z ve tarafs\u0131z \u00fc\u00e7\u00fcnc\u00fc bir ki\u015finin taraflar\u0131 bir araya getirerek m\u00fczakere edebilmelerini sa\u011flad\u0131\u011f\u0131 ve aralar\u0131ndaki ileti\u015fimi kolayla\u015ft\u0131rd\u0131\u011f\u0131, \u00e7\u00f6z\u00fcme ili\u015fkin karar verme yetkisinin taraflarda kald\u0131\u011f\u0131, s\u00fcrece ili\u015fkin tavsiye veya karar verme yetkisinin ise \u00fc\u00e7\u00fcnc\u00fc ki\u015fide oldu\u011fu bir yap\u0131land\u0131r\u0131lm\u0131\u015f uyu\u015fmazl\u0131k \u00e7\u00f6z\u00fcm s\u00fcrecidir.<\/p>\n<div class=\"mkd-unordered-list mkd-arrow\">\n<ul>\n<li>Davaya g\u00f6re daha k\u0131sa s\u00fcrede sonu\u00e7lan\u0131r, zaman kayb\u0131n\u0131 \u00f6nler.<\/li>\n<li>Davada ya\u015fanan belirsizlikleri ortadan kald\u0131r\u0131r.<\/li>\n<li>Mahkemelerdeki masraflar yap\u0131lmaz, masrafs\u0131zd\u0131r.<\/li>\n<li>Davaya g\u00f6re daha ekonomiktir.<\/li>\n<li>Mahkemeye g\u00f6re daha rahat bir ortamd\u0131r.<\/li>\n<li>Dava a\u00e7madan \u00f6nce, dava a\u015famas\u0131nda ve sonras\u0131na ba\u015fvurulabilir.<\/li>\n<li>Arabuluculuk s\u00fcrecinde konu\u015fulanlar gizlidir, s\u0131rlar ortaya \u00e7\u0131kmaz. Arabuluculuk g\u00f6r\u00fc\u015fmelerinde m\u00fczakere edilen hi\u00e7bir husus a\u00e7\u0131\u011fa \u00e7\u0131kmaz, itibar korunur, rekabet g\u00fcc\u00fc korunmu\u015f olur.<\/li>\n<li>Davadan vazge\u00e7menin hukuki ve maddi sonucu varken Arabuluculuktan vazge\u00e7menin maddi ve hukuki bir riski yoktur.<\/li>\n<li>Arabulucunuzu kendiniz se\u00e7ebilirsiniz ama Mahkeme hakimini se\u00e7emezsiniz.<\/li>\n<li>Taraflar \u00e7\u00f6z\u00fcm\u00fc kendileri bulduklar\u0131ndan, taraflar aras\u0131ndaki ili\u015fkiler devam eder. Arabuluculu\u011fun en \u00e7ok tercih edilmesinin sebebi de dostane \u00e7\u00f6z\u00fcm yolu olmas\u0131 nedeniyle ili\u015fkilerin devaml\u0131l\u0131\u011f\u0131n\u0131 sa\u011flamas\u0131d\u0131r.<\/li>\n<li>Mahkemeye g\u00f6re daha esnektir. \u0130cra edilebilir olduktan sonra birden fazla \u00e7\u00f6z\u00fcm yolu belirlenip anla\u015fma sa\u011flanabilir.<\/li>\n<\/ul>\n<\/div>\n<p><img decoding=\"async\" src=\"http:\/\/www.sakaryaarabuluculukmerkezi.com\/wp-content\/uploads\/2019\/03\/2-3.jpg\" alt=\"\" \/><\/p>\n<h3>Arabulucu Kimdir?<\/h3>\n<p>Arabulucu, sistematik teknikler uygulayarak, g\u00f6r\u00fc\u015fmek ve m\u00fczakerelerde bulunmak amac\u0131yla taraflar\u0131 bir araya getirerek onlar\u0131n birbirlerini anlamalar\u0131n\u0131 ve bu suretle \u00e7\u00f6z\u00fcmlerini kendilerinin \u00fcretmesini ve aralar\u0131nda ileti\u015fim s\u00fcrecinin kurulmas\u0131n\u0131 sa\u011flamaya \u00e7a\u011flayan tarafs\u0131z \u00fc\u00e7\u00fcnc\u00fc ki\u015fidir.<\/p>\n<h3>Arabulucu Tam Olarak Ne \u0130\u015f Yapacak?<\/h3>\n<p>Arabulucu, bu s\u00fcre\u00e7te karar veren ki\u015fi de\u011fildir. Hatta taraflara herhangi bir \u00e7\u00f6z\u00fcm de \u00f6nermez. Taraflar uyu\u015fmazl\u0131\u011f\u0131 kendileri uzla\u015farak \u00e7\u00f6zerler. Arabulucu, taraflar\u0131n aralar\u0131ndaki as\u0131l uyu\u015fmazl\u0131\u011f\u0131 ve menfaatlerini tespit ederek bu konularda tart\u0131\u015fmalar\u0131n\u0131 ve \u00e7\u00f6z\u00fcm bulmalar\u0131n\u0131 sa\u011flamaya \u00e7al\u0131\u015f\u0131r. Burada taraflar kendi \u00e7\u00f6z\u00fcmlerini kendileri \u00fcretirler ve bunu yaparken birbirlerini anlamaya \u00e7al\u0131\u015f\u0131rlar.<\/p>\n<h3>Arabulucuya Ne Zaman Gidebilirim?<\/h3>\n<p>Kar\u015f\u0131 tarafla aran\u0131zda uyu\u015fmazl\u0131k \u00e7\u0131kt\u0131ktan ve fakat mahkeme veya tahkime ba\u015fvurmadan \u00f6nce arabulucuya gidebilece\u011finiz gibi mahkemeye dava a\u00e7t\u0131ktan sonra da arabulucuya gidebilirsiniz.<\/p>\n<h3>T\u00fcm Davalar Arabuluculuk Kapsam\u0131nda M\u0131d\u0131r?<\/h3>\n<p>Hay\u0131r. Arabuluculuk ancak taraflar\u0131n serbest iradeleriyle karar verebilecekleri konularda m\u00fcmk\u00fcnd\u00fcr. Daha a\u00e7\u0131k bir ifadeyle; kamu d\u00fczenini ilgilendirmeyen ve cebri icraya elveri\u015fli konularda taraflar arabulucuya gidebilirler. Taraflar\u0131n s\u00f6zle\u015fme konusu yapamayacaklar\u0131 konularda \u00f6rne\u011fin ceza davalar\u0131nda, n\u00fcfus kayd\u0131na ili\u015fkin davalarda veya \u00e7ocuklar\u0131n velayetine ili\u015fkin davalarda arabuluculuk m\u00fcmk\u00fcn de\u011fildir.<\/p>\n<h3>T\u00fcm Davalar Arabuluculuk Kapsam\u0131nda M\u0131d\u0131r?<\/h3>\n<p>Hay\u0131r. Arabuluculuk ancak taraflar\u0131n serbest iradeleriyle karar verebilecekleri konularda m\u00fcmk\u00fcnd\u00fcr. Daha a\u00e7\u0131k bir ifadeyle; kamu d\u00fczenini ilgilendirmeyen ve cebri icraya elveri\u015fli konularda taraflar arabulucuya gidebilirler. Taraflar\u0131n s\u00f6zle\u015fme konusu yapamayacaklar\u0131 konularda \u00f6rne\u011fin ceza davalar\u0131nda, n\u00fcfus kayd\u0131na ili\u015fkin davalarda veya \u00e7ocuklar\u0131n velayetine ili\u015fkin davalarda arabuluculuk m\u00fcmk\u00fcn de\u011fildir.<\/p>\n<h3>Arabulucuya Ba\u015fvurmakla Dava A\u00e7maktan Vazge\u00e7mi\u015f Mi Olurum?<\/h3>\n<p>Hay\u0131r. Taraflar arabulucuya ba\u015fvurmak, s\u00fcreci devam ettirmek, sonu\u00e7land\u0131rmak ve bu s\u00fcre\u00e7ten vazge\u00e7mek konusunda tamamen serbesttir. Kendi iste\u011finiz ile ba\u015flatt\u0131\u011f\u0131n\u0131z bu s\u00fcreci yine kendi iste\u011finizle sona erdirip mahkemeye ba\u015fvurabilirsiniz.<\/p>\n<h3>Arabuluculuk S\u00fcrecindeki \u00dccret ve Masraflar\u0131 Kim Kar\u015f\u0131layacak?<\/h3>\n<p>Taraflar aksini kararla\u015ft\u0131rmad\u0131k\u00e7a, arabuluculuk s\u00fcrecindeki t\u00fcm masraflar\u0131 e\u015fit olarak kar\u015f\u0131layacaklard\u0131r.<\/p>\n<h3>Arabuluculuk S\u00fcreci Sonunda Vard\u0131\u011f\u0131m Anla\u015fma Benim \u0130\u00e7in Ba\u011flay\u0131c\u0131 M\u0131d\u0131r?<\/h3>\n<p>Taraflar arabuluculuk s\u00fcrecinin sonunda bir anla\u015fmaya var\u0131rlarsa bu anla\u015fmay\u0131, as\u0131l uyu\u015fmazl\u0131k hakk\u0131ndaki yetki ve g\u00f6rev kurallar\u0131na g\u00f6re belirlenecek olan hukuk mahkemesine ibraz edip, icra edilebilirli\u011fine ili\u015fkin bir \u015ferh verilmesini talep edebileceklerdir. Bu \u015ferhi i\u00e7eren anla\u015fma, il\u00e2m niteli\u011finde belge say\u0131l\u0131r. \u0130cra edilebilirlik \u015ferhinin verilmesi, niteli\u011fi itibariyle bir \u00e7eki\u015fmesiz yarg\u0131 i\u015fi oldu\u011fundan buna ili\u015fkin inceleme dosya \u00fczerinden de yap\u0131labilecektir. Ancak, uyu\u015fmazl\u0131k konusu aile hukukuna ili\u015fkin ise bu i\u015flemler ayn\u0131 usulle belirlenecek aile mahkemesince ve duru\u015fmal\u0131 olarak yap\u0131lacakt\u0131r. E\u011fer, davan\u0131n g\u00f6r\u00fclmesi s\u0131ras\u0131nda arabuluculu\u011fa gidilmi\u015f ise, ku\u015fkusuz ki yukar\u0131daki i\u015f ve i\u015flemler davaya bakan mahkemece yerine getirilecektir.<\/p>\n<p class=\"pdb10\">\n","protected":false},"excerpt":{"rendered":"<p>Arabuluculuk nedir ? Arabuluculuk; ba\u011f\u0131ms\u0131z ve tarafs\u0131z \u00fc\u00e7\u00fcnc\u00fc bir ki\u015finin taraflar\u0131 bir araya getirerek m\u00fczakere edebilmelerini sa\u011flad\u0131\u011f\u0131 ve aralar\u0131ndaki ileti\u015fimi kolayla\u015ft\u0131rd\u0131\u011f\u0131, \u00e7\u00f6z\u00fcme ili\u015fkin karar verme yetkisinin taraflarda kald\u0131\u011f\u0131, s\u00fcrece ili\u015fkin tavsiye veya karar verme yetkisinin&#8230;<\/p>\n","protected":false},"author":1,"featured_media":1754,"parent":1817,"menu_order":0,"comment_status":"closed","ping_status":"closed","template":"","meta":{"_monsterinsights_skip_tracking":false,"_monsterinsights_sitenote_active":false,"_monsterinsights_sitenote_note":"","_monsterinsights_sitenote_category":0,"footnotes":""},"class_list":["post-1806","page","type-page","status-publish","has-post-thumbnail","hentry"],"aioseo_notices":[],"_links":{"self":[{"href":"https:\/\/www.sakaryaarabuluculukmerkezi.com\/index.php?rest_route=\/wp\/v2\/pages\/1806","targetHints":{"allow":["GET"]}}],"collection":[{"href":"https:\/\/www.sakaryaarabuluculukmerkezi.com\/index.php?rest_route=\/wp\/v2\/pages"}],"about":[{"href":"https:\/\/www.sakaryaarabuluculukmerkezi.com\/index.php?rest_route=\/wp\/v2\/types\/page"}],"author":[{"embeddable":true,"href":"https:\/\/www.sakaryaarabuluculukmerkezi.com\/index.php?rest_route=\/wp\/v2\/users\/1"}],"replies":[{"embeddable":true,"href":"https:\/\/www.sakaryaarabuluculukmerkezi.com\/index.php?rest_route=%2Fwp%2Fv2%2Fcomments&post=1806"}],"version-history":[{"count":7,"href":"https:\/\/www.sakaryaarabuluculukmerkezi.com\/index.php?rest_route=\/wp\/v2\/pages\/1806\/revisions"}],"predecessor-version":[{"id":2298,"href":"https:\/\/www.sakaryaarabuluculukmerkezi.com\/index.php?rest_route=\/wp\/v2\/pages\/1806\/revisions\/2298"}],"up":[{"embeddable":true,"href":"https:\/\/www.sakaryaarabuluculukmerkezi.com\/index.php?rest_route=\/wp\/v2\/pages\/1817"}],"wp:featuredmedia":[{"embeddable":true,"href":"https:\/\/www.sakaryaarabuluculukmerkezi.com\/index.php?rest_route=\/wp\/v2\/media\/1754"}],"wp:attachment":[{"href":"https:\/\/www.sakaryaarabuluculukmerkezi.com\/index.php?rest_route=%2Fwp%2Fv2%2Fmedia&parent=1806"}],"curies":[{"name":"wp","href":"https:\/\/api.w.org\/{rel}","templated":true}]}}