{"id":1812,"date":"2019-03-20T06:42:50","date_gmt":"2019-03-20T06:42:50","guid":{"rendered":"http:\/\/themebeer.com\/wp\/fexa\/business-law-copy\/"},"modified":"2021-06-14T13:16:24","modified_gmt":"2021-06-14T13:16:24","slug":"civil-rights","status":"publish","type":"page","link":"https:\/\/www.sakaryaarabuluculukmerkezi.com\/?page_id=1812","title":{"rendered":"Mahkeme S\u00fcrecinde Arabuluculuk"},"content":{"rendered":"<p>Arabuluculuk yoluna dava a\u00e7madan evvel ba\u015fvurulabilece\u011fi gibi mahkeme s\u00fcrecinde de arabuluculu\u011fa ba\u015fvurulabilir.<\/p>\n<p>Arabuluculuk yoluyla \u00e7\u00f6z\u00fclmeye elveri\u015fli olan uyu\u015fmazl\u0131klar\u0131n \u00e7\u00f6z\u00fcm\u00fc i\u00e7in dava a\u00e7\u0131ld\u0131ktan sonra da taraflar arabuluculuk yolunu deneyebilirler. Taraflar bir araya gelerek verecekleri bir dilek\u00e7e ile mahkemeye arabuluculuk yolunu deneyeceklerini beyan edebilecekleri gibi duru\u015fmada iken de mahkemeden bu \u015fekilde bir talepte bulunabilirler.<\/p>\n<p>Mahkeme, taraflara uyu\u015fmazl\u0131klar\u0131n\u0131 arabuluculuk yoluyla \u00e7\u00f6zmek isteyip istemediklerini daha ilk inceleme s\u0131ras\u0131nda sormal\u0131d\u0131r. Uyu\u015fmazl\u0131\u011f\u0131n niteli\u011fine, taraflar\u0131n durumuna g\u00f6re mahkeme yarg\u0131lama s\u0131ras\u0131nda da taraflara arabuluculuk yolunu se\u00e7mek isteyip istemediklerini sorabilir.<\/p>\n<p><img decoding=\"async\" src=\"http:\/\/www.sakaryaarabuluculukmerkezi.com\/wp-content\/uploads\/2019\/03\/2-3.jpg\" alt=\"\" \/><\/p>\n<h3>Dava A\u00e7\u0131ld\u0131ktan Sonra<\/h3>\n<p>Dava a\u00e7\u0131ld\u0131ktan sonra taraflar\u0131n arabuluculuk y\u00f6ntemini kabul etmeleri \u00fczerine uyu\u015fmazl\u0131klar\u0131n\u0131 \u00e7\u00f6zmek i\u00e7in arabulucuya ba\u015fvurmas\u0131 m\u00fcmk\u00fcnd\u00fcr. Mahkeme arabulucuya ba\u015fvurmalar\u0131 ve sonucu bildirmeleri i\u00e7in taraflara 3 ay\u0131 ge\u00e7memek \u00fczere s\u00fcre vermeli, s\u00fcre\u00e7 tamamland\u0131 ise bu s\u00fcre bir kere daha uzat\u0131lmal\u0131d\u0131r.<\/p>\n<p>Dava a\u00e7\u0131ld\u0131ktan sonra taraflar\u0131n arabuluculuk s\u00fcrecinde anla\u015fmalar\u0131 halinde, anla\u015fma belgesine davaya bakan mahkeme taraf\u0131ndan icra edilebilirlik \u015ferhi verilir ve yarg\u0131lama sona erer. Dava a\u00e7\u0131ld\u0131ktan sonra arabuluculuk s\u00fcrecinde taraflar\u0131n anla\u015famamalar\u0131 halinde yarg\u0131lama kald\u0131\u011f\u0131 yerden devam eder.<\/p>\n","protected":false},"excerpt":{"rendered":"<p>Arabuluculuk yoluna dava a\u00e7madan evvel ba\u015fvurulabilece\u011fi gibi mahkeme s\u00fcrecinde de arabuluculu\u011fa ba\u015fvurulabilir. Arabuluculuk yoluyla \u00e7\u00f6z\u00fclmeye elveri\u015fli olan uyu\u015fmazl\u0131klar\u0131n \u00e7\u00f6z\u00fcm\u00fc i\u00e7in dava a\u00e7\u0131ld\u0131ktan sonra da taraflar arabuluculuk yolunu deneyebilirler. Taraflar bir araya gelerek verecekleri bir dilek\u00e7e&#8230;<\/p>\n","protected":false},"author":1,"featured_media":1808,"parent":1817,"menu_order":0,"comment_status":"closed","ping_status":"closed","template":"","meta":{"_monsterinsights_skip_tracking":false,"_monsterinsights_sitenote_active":false,"_monsterinsights_sitenote_note":"","_monsterinsights_sitenote_category":0,"footnotes":""},"class_list":["post-1812","page","type-page","status-publish","has-post-thumbnail","hentry"],"aioseo_notices":[],"_links":{"self":[{"href":"https:\/\/www.sakaryaarabuluculukmerkezi.com\/index.php?rest_route=\/wp\/v2\/pages\/1812","targetHints":{"allow":["GET"]}}],"collection":[{"href":"https:\/\/www.sakaryaarabuluculukmerkezi.com\/index.php?rest_route=\/wp\/v2\/pages"}],"about":[{"href":"https:\/\/www.sakaryaarabuluculukmerkezi.com\/index.php?rest_route=\/wp\/v2\/types\/page"}],"author":[{"embeddable":true,"href":"https:\/\/www.sakaryaarabuluculukmerkezi.com\/index.php?rest_route=\/wp\/v2\/users\/1"}],"replies":[{"embeddable":true,"href":"https:\/\/www.sakaryaarabuluculukmerkezi.com\/index.php?rest_route=%2Fwp%2Fv2%2Fcomments&post=1812"}],"version-history":[{"count":2,"href":"https:\/\/www.sakaryaarabuluculukmerkezi.com\/index.php?rest_route=\/wp\/v2\/pages\/1812\/revisions"}],"predecessor-version":[{"id":2214,"href":"https:\/\/www.sakaryaarabuluculukmerkezi.com\/index.php?rest_route=\/wp\/v2\/pages\/1812\/revisions\/2214"}],"up":[{"embeddable":true,"href":"https:\/\/www.sakaryaarabuluculukmerkezi.com\/index.php?rest_route=\/wp\/v2\/pages\/1817"}],"wp:featuredmedia":[{"embeddable":true,"href":"https:\/\/www.sakaryaarabuluculukmerkezi.com\/index.php?rest_route=\/wp\/v2\/media\/1808"}],"wp:attachment":[{"href":"https:\/\/www.sakaryaarabuluculukmerkezi.com\/index.php?rest_route=%2Fwp%2Fv2%2Fmedia&parent=1812"}],"curies":[{"name":"wp","href":"https:\/\/api.w.org\/{rel}","templated":true}]}}