{"id":1814,"date":"2019-03-20T06:43:05","date_gmt":"2019-03-20T06:43:05","guid":{"rendered":"http:\/\/themebeer.com\/wp\/fexa\/civil-rights-copy\/"},"modified":"2021-06-14T14:22:06","modified_gmt":"2021-06-14T14:22:06","slug":"education-law","status":"publish","type":"page","link":"https:\/\/www.sakaryaarabuluculukmerkezi.com\/?page_id=1814","title":{"rendered":"Mahkeme S\u00fcreci D\u0131\u015f\u0131nda Arabuluculuk"},"content":{"rendered":"<p>Arabuluculuk yoluyla \u00e7\u00f6z\u00fclmeye elveri\u015fli olan uyu\u015fmazl\u0131klar\u0131n \u00e7\u00f6z\u00fcm\u00fc i\u00e7in taraflar dava a\u00e7abilecekleri gibi arabuluculuya da ba\u015fvurabilirler. Taraflar a\u00e7\u0131s\u0131ndan daha k\u0131sa s\u00fcrede sonu\u00e7 al\u0131nan arabuluculuk, hem masraflar\u0131n\u0131n az olmas\u0131, yarg\u0131lamaya g\u00f6re daha rahat bir s\u00fcre\u00e7 olmas\u0131 hem de ili\u015fkilerin sa\u011fl\u0131kl\u0131 bir \u015fekilde devam edebilece\u011fi dostane bir \u00e7\u00f6z\u00fcm olmas\u0131 bak\u0131m\u0131ndan tercih edilmesi gereken bir yoldur.<\/p>\n<p>Taraflar\u0131n arabuluculuk s\u00fcrecinde anla\u015fmalar\u0131 halinde uyu\u015fmazl\u0131klar\u0131 ileti\u015fim kurulmas\u0131 suretiyle dostane olarak sonu\u00e7lan\u0131r ve sonu\u00e7ta imzalad\u0131klar\u0131 anla\u015fma belgesi ayn\u0131 konuda bir daha yarg\u0131 \u00f6n\u00fcne engelleyici hukuki koruma sa\u011flarken; di\u011fer taraftan basit bir i\u015flem ile icra edilebilirlik \u015ferhi al\u0131nmakla mahkeme karar\u0131 gibi ge\u00e7erli olacakt\u0131r.<\/p>\n<p>Taraflar\u0131n arabuluculuk s\u00fcrecinde anla\u015famamalar\u0131 halinde dava a\u00e7ma haklar\u0131 devam etmektedir.<\/p>\n<p>Dava \u015fart\u0131 arabuluculuk kapsam\u0131ndaki uyu\u015fmazl\u0131klar i\u00e7in ger\u00e7ekle\u015ftirilen ihtiyari arabuluculuk s\u00fcre\u00e7leri \u201carabulucu belirleme tutanaklar\u0131n\u0131n\u201d arabuluculuk b\u00fcrosuna ibraz\u0131 ile sisteme kaydedilir ve taraflar\u0131n anla\u015famamas\u0131 halinde yeniden adliyelerdeki arabuluculuk b\u00fcrosuna ba\u015fvuruya gerek kalmaks\u0131z\u0131n dava a\u00e7\u0131labilir.<\/p>\n","protected":false},"excerpt":{"rendered":"<p>Arabuluculuk yoluyla \u00e7\u00f6z\u00fclmeye elveri\u015fli olan uyu\u015fmazl\u0131klar\u0131n \u00e7\u00f6z\u00fcm\u00fc i\u00e7in taraflar dava a\u00e7abilecekleri gibi arabuluculuya da ba\u015fvurabilirler. Taraflar a\u00e7\u0131s\u0131ndan daha k\u0131sa s\u00fcrede sonu\u00e7 al\u0131nan arabuluculuk, hem masraflar\u0131n\u0131n az olmas\u0131, yarg\u0131lamaya g\u00f6re daha rahat bir s\u00fcre\u00e7 olmas\u0131 hem de ili\u015fkilerin sa\u011fl\u0131kl\u0131&#8230;<\/p>\n","protected":false},"author":1,"featured_media":0,"parent":1817,"menu_order":0,"comment_status":"closed","ping_status":"closed","template":"","meta":{"_monsterinsights_skip_tracking":false,"_monsterinsights_sitenote_active":false,"_monsterinsights_sitenote_note":"","_monsterinsights_sitenote_category":0,"footnotes":""},"class_list":["post-1814","page","type-page","status-publish","hentry"],"aioseo_notices":[],"_links":{"self":[{"href":"https:\/\/www.sakaryaarabuluculukmerkezi.com\/index.php?rest_route=\/wp\/v2\/pages\/1814","targetHints":{"allow":["GET"]}}],"collection":[{"href":"https:\/\/www.sakaryaarabuluculukmerkezi.com\/index.php?rest_route=\/wp\/v2\/pages"}],"about":[{"href":"https:\/\/www.sakaryaarabuluculukmerkezi.com\/index.php?rest_route=\/wp\/v2\/types\/page"}],"author":[{"embeddable":true,"href":"https:\/\/www.sakaryaarabuluculukmerkezi.com\/index.php?rest_route=\/wp\/v2\/users\/1"}],"replies":[{"embeddable":true,"href":"https:\/\/www.sakaryaarabuluculukmerkezi.com\/index.php?rest_route=%2Fwp%2Fv2%2Fcomments&post=1814"}],"version-history":[{"count":3,"href":"https:\/\/www.sakaryaarabuluculukmerkezi.com\/index.php?rest_route=\/wp\/v2\/pages\/1814\/revisions"}],"predecessor-version":[{"id":2224,"href":"https:\/\/www.sakaryaarabuluculukmerkezi.com\/index.php?rest_route=\/wp\/v2\/pages\/1814\/revisions\/2224"}],"up":[{"embeddable":true,"href":"https:\/\/www.sakaryaarabuluculukmerkezi.com\/index.php?rest_route=\/wp\/v2\/pages\/1817"}],"wp:attachment":[{"href":"https:\/\/www.sakaryaarabuluculukmerkezi.com\/index.php?rest_route=%2Fwp%2Fv2%2Fmedia&parent=1814"}],"curies":[{"name":"wp","href":"https:\/\/api.w.org\/{rel}","templated":true}]}}