{"id":1821,"date":"2019-03-20T06:44:27","date_gmt":"2019-03-20T06:44:27","guid":{"rendered":"http:\/\/themebeer.com\/wp\/fexa\/practice-area\/insurance-defence-copy\/"},"modified":"2021-06-14T14:38:37","modified_gmt":"2021-06-14T14:38:37","slug":"real-estate-law","status":"publish","type":"page","link":"https:\/\/www.sakaryaarabuluculukmerkezi.com\/?page_id=1821","title":{"rendered":"Arabuluculuk \u00dccret Tarifesi"},"content":{"rendered":"<h1><span class=\"h1kucult\">2021 Y\u0131l\u0131 Arabuluculuk Asgari \u00dccret Tarifesi<\/span><\/h1>\n<p class=\"OrtaBalkBold\"><b>Ama\u00e7, konu ve kapsam<\/b><\/p>\n<p class=\"Metin\"><b>MADDE 1 \u2013<\/b>\u00a0(1) \u00d6zel hukuk uyu\u015fmazl\u0131klar\u0131n\u0131n arabuluculuk yoluyla \u00e7\u00f6z\u00fcmlenmesinde, arabulucu ile uyu\u015fmazl\u0131\u011f\u0131n taraflar\u0131 aras\u0131nda ge\u00e7erli bir \u00fccret s\u00f6zle\u015fmesi yap\u0131lmam\u0131\u015f olan veya \u00fccret miktar\u0131 konusunda arabulucu ile taraflar aras\u0131nda ihtilaf bulunan durumlarda, 7\/6\/2012 tarihli ve 6325 say\u0131l\u0131 Hukuk Uyu\u015fmazl\u0131klar\u0131nda Arabuluculuk Kanunu, 2\/6\/2018 tarihli ve 30439 say\u0131l\u0131 Resm\u00ee Gazete\u2019de yay\u0131mlanan Hukuk Uyu\u015fmazl\u0131klar\u0131nda Arabuluculuk Kanunu Y\u00f6netmeli\u011fi ve bu Tarife h\u00fck\u00fcmleri uygulan\u0131r.<\/p>\n<p class=\"Metin\">(2) Bu Tarifede belirlenen \u00fccretlerin alt\u0131nda arabuluculuk \u00fccreti kararla\u015ft\u0131r\u0131lamaz. Aksine yap\u0131lan s\u00f6zle\u015fmelerin \u00fccrete ili\u015fkin h\u00fck\u00fcmleri ge\u00e7ersiz olup, \u00fccrete ili\u015fkin olarak bu Tarife h\u00fck\u00fcmleri uygulan\u0131r.<\/p>\n<p class=\"Metin\"><b>Arabuluculuk \u00fccretinin kapsad\u0131\u011f\u0131 i\u015fler<\/b><\/p>\n<p class=\"Metin\"><b>MADDE 2 \u2013<\/b>\u00a0(1) Bu Tarifede yaz\u0131l\u0131 arabuluculuk \u00fccreti, uyu\u015fmazl\u0131\u011f\u0131n arabuluculuk yoluyla \u00e7\u00f6z\u00fcme kavu\u015fturulmas\u0131n\u0131 sa\u011flamak amac\u0131yla, arabuluculuk faaliyetini y\u00fcr\u00fcten arabulucular siciline kay\u0131tl\u0131 ki\u015fiye, sarf etti\u011fi emek ve mesainin kar\u015f\u0131l\u0131\u011f\u0131nda, uyu\u015fmazl\u0131\u011f\u0131n taraflar\u0131nca yap\u0131lan parasal \u00f6demenin kar\u015f\u0131l\u0131\u011f\u0131d\u0131r.<\/p>\n<p class=\"Metin\">(2) Arabuluculuk faaliyeti s\u00fcresince arabulucu taraf\u0131ndan d\u00fczenlenen evrak ve yap\u0131lan di\u011fer i\u015flemler ayr\u0131 \u00fccreti gerektirmez.<\/p>\n<p class=\"Metin\">(3) Arabulucu, ihtiyari arabuluculuk s\u00fcreci ba\u015flamadan \u00f6nce arabuluculuk teklifinde bulunan taraf veya taraflardan \u00fccret ve masraf isteyebilir. Bu f\u0131kra uyar\u0131nca al\u0131nan \u00fccret arabuluculuk s\u00fcreci sonunda arabuluculuk \u00fccretinden mahsup edilir. Arabuluculuk s\u00fcrecinin ba\u015flamamas\u0131 h\u00e2linde bu \u00fccret iade edilmez. Masraftan kullan\u0131lmayan k\u0131s\u0131m arabuluculuk s\u00fcreci sonunda iade edilir.<\/p>\n<p class=\"Metin\">(4) Arabulucu, dava \u015fart\u0131 arabuluculuk s\u00fcrecinde taraflardan masraf isteyemez.<\/p>\n<p class=\"Metin\">(5) Arabulucu, arabuluculuk s\u00fcrecine ili\u015fkin olarak belirli ki\u015filer i\u00e7in arac\u0131l\u0131k yapma veya belirli ki\u015fileri tavsiye etmenin kar\u015f\u0131l\u0131\u011f\u0131 olarak herhangi bir \u00fccret talep edemez. Bu yasa\u011fa ayk\u0131r\u0131 olarak tesis edilen i\u015flemler h\u00fck\u00fcms\u00fczd\u00fcr.<\/p>\n<p class=\"Metin\"><b>Arabuluculuk \u00fccretinin s\u0131n\u0131rlar\u0131<\/b><\/p>\n<p class=\"Metin\"><b>MADDE 3 \u2013<\/b>\u00a0(1) Aksi kararla\u015ft\u0131r\u0131lmad\u0131k\u00e7a arabuluculuk \u00fccreti taraflarca e\u015fit \u00f6denir.<\/p>\n<p class=\"Metin\">(2) Ayn\u0131 uyu\u015fmazl\u0131\u011f\u0131n \u00e7\u00f6z\u00fcm\u00fcne ili\u015fkin bu Tarifenin eki Arabuluculuk \u00dccret Tarifesinin birinci k\u0131sm\u0131nda belirtilen hallerde arabuluculuk faaliyetinin birden \u00e7ok arabulucu taraf\u0131ndan y\u00fcr\u00fct\u00fclmesi durumunda, her bir arabulucuya bu Tarifede belirtilen \u00fccret ayr\u0131 ayr\u0131 \u00f6denir.<\/p>\n<p class=\"Metin\">(3) Ayn\u0131 uyu\u015fmazl\u0131\u011f\u0131n \u00e7\u00f6z\u00fcm\u00fcne ili\u015fkin bu Tarifenin eki Arabuluculuk \u00dccret Tarifesinin ikinci k\u0131sm\u0131nda belirtilen hallerde arabuluculuk faaliyetinin birden \u00e7ok arabulucu taraf\u0131ndan y\u00fcr\u00fct\u00fclmesi durumunda, bu Tarifede birden fazla arabulucu i\u00e7in belirtilen orandaki \u00fccret her bir arabulucuya e\u015fit b\u00f6l\u00fcnerek \u00f6denir.<\/p>\n<p class=\"Metin\"><b>\u00dccretin t\u00fcm\u00fcn\u00fc hak etme<\/b><\/p>\n<p class=\"Metin\"><b>MADDE 4 \u2013<\/b>\u00a0(1) Arabuluculuk faaliyetinin, gerek taraflar\u0131n uyu\u015fmazl\u0131k konusu \u00fczerinde anla\u015fmaya varm\u0131\u015f olmas\u0131, gerek taraflara dan\u0131\u015f\u0131ld\u0131ktan sonra arabuluculuk i\u00e7in daha fazla \u00e7aba sarf edilmesinin gereksiz oldu\u011funun arabulucu taraf\u0131ndan tespit edilmesi, gerekse taraflardan birinin kar\u015f\u0131 tarafa veya arabulucuya, arabuluculuk faaliyetinden \u00e7ekildi\u011fini bildirmesi veya taraflardan birinin \u00f6l\u00fcm\u00fc ya da iflas\u0131 halinde veya taraflar\u0131n anla\u015farak arabuluculuk faaliyetini sona erdirmesi sebepleriyle sona ermesi hallerinde, arabuluculuk faaliyetini y\u00fcr\u00fctme g\u00f6revini kabul eden arabulucu, bu Tarife h\u00fck\u00fcmleri ile belirlenen \u00fccretin tamam\u0131na hak kazan\u0131r.<\/p>\n<p class=\"Metin\">(2) Arabuluculuk faaliyetine ba\u015fland\u0131ktan sonra, uyu\u015fmazl\u0131\u011f\u0131n arabuluculu\u011fa elveri\u015fli olmad\u0131\u011f\u0131 hususu ortaya \u00e7\u0131kar ve bu sebeple arabuluculuk faaliyeti sona erdirilir ise, sonradan ortaya \u00e7\u0131kan bu durumla ilgili olarak e\u011fer arabulucunun herhangi bir kusuru yoksa, arabuluculuk faaliyetini y\u00fcr\u00fctme g\u00f6revini kabul eden arabulucu, bu Tarife h\u00fck\u00fcmleri ile belirlenen \u00fccretin tamam\u0131na hak kazan\u0131r.<\/p>\n<p class=\"Metin\"><b>Arabuluculuk faaliyetinin konusuz kalmas\u0131, feragat, kabul ve sulhte \u00fccret<\/b><\/p>\n<p class=\"Metin\"><b>MADDE 5 \u2013<\/b>\u00a0(1) \u0130htiyari Arabuluculuk s\u00fcrecinde uyu\u015fmazl\u0131k, arabuluculuk faaliyeti devam ederken, arabuluculuk faaliyetinin konusuz kalmas\u0131, feragat, kabul veya sulh gibi arabuluculuk yolu d\u0131\u015f\u0131ndaki y\u00f6ntem ve nedenlerle giderilirse \u00fccretin tamam\u0131na hak kazan\u0131l\u0131r.<\/p>\n<p class=\"Metin\">(2) Dava \u015fart\u0131 arabuluculuk s\u00fcrecinde, sehven kay\u0131t, m\u00fckerrer kay\u0131t veya arabuluculu\u011fa elveri\u015fli olmama nedeniyle sona erdirilmesi hallerinde arabulucuya \u00fccret \u00f6denmez.<\/p>\n<p class=\"Metin\"><b>Yeni bir uyu\u015fmazl\u0131k konusunun ortaya \u00e7\u0131kmas\u0131nda \u00fccret<\/b><\/p>\n<p class=\"Metin\"><b>MADDE 6 \u2013<\/b>\u00a0(1) Somut bir uyu\u015fmazl\u0131kla ilgili arabuluculuk faaliyetinin y\u00fcr\u00fct\u00fclmesi s\u0131ras\u0131nda, yeni uyu\u015fmazl\u0131k konular\u0131n\u0131n ortaya \u00e7\u0131kmas\u0131 halinde, her bir uyu\u015fmazl\u0131k i\u00e7in ayr\u0131 \u00fccrete hak kazan\u0131l\u0131r.<\/p>\n<p class=\"Metin\"><b>Arabuluculuk \u00dccret Tarifesine g\u00f6re \u00fccret<\/b><\/p>\n<p class=\"Metin\"><b>MADDE 7 \u2013<\/b>\u00a0(1) Konusu para olmayan veya para ile de\u011ferlendirilemeyen hukuki uyu\u015fmazl\u0131klarda; arabuluculuk \u00fccreti bu Tarifenin eki Arabuluculuk \u00dccret Tarifesinin birinci k\u0131sm\u0131na g\u00f6re belirlenir.<\/p>\n<p class=\"Metin\">(2) Konusu para olan veya para ile de\u011ferlendirilebilen hukuki uyu\u015fmazl\u0131klarda; arabuluculuk \u00fccreti bu Tarifenin eki Arabuluculuk \u00dccret Tarifesinin ikinci k\u0131sm\u0131na g\u00f6re belirlenir.<\/p>\n<p class=\"Metin\">(3) Arabuluculuk s\u00fcrecinin sonunda anla\u015fma sa\u011flanamamas\u0131 halinde, arabuluculu\u011fun konusu para olan veya para ile de\u011ferlendirilebilen hukuki uyu\u015fmazl\u0131k olsa bile arabulucu, arabuluculuk \u00fccretini bu Tarifenin eki Arabuluculuk \u00dccret Tarifesinin birinci k\u0131sm\u0131na g\u00f6re isteyebilir.<\/p>\n<p class=\"Metin\">(4) Arabuluculuk s\u00fcrecinin sonunda seri uyu\u015fmazl\u0131klarda anla\u015fma sa\u011flanmas\u0131 halinde, arabuluculu\u011fun konusu para olan veya para ile de\u011ferlendirilebilen hukuki uyu\u015fmazl\u0131k olsa bile arabulucu, arabuluculuk \u00fccretini bu Tarifenin eki Arabuluculuk \u00dccret Tarifesinin birinci k\u0131sm\u0131na g\u00f6re isteyebilir. Taraflardan birinin ayn\u0131 oldu\u011fu ve bir ay i\u00e7inde ba\u015fvurulan en az onbe\u015f uyu\u015fmazl\u0131k seri uyu\u015fmazl\u0131k olarak kabul edilir.<\/p>\n<p class=\"Metin\"><b>Arabuluculuk \u00dccret Tarifesinde yaz\u0131l\u0131 olmayan hallerde \u00fccret<\/b><\/p>\n<p class=\"Metin\"><b>MADDE 8 \u2013<\/b>\u00a0(1) Arabuluculuk \u00dccret Tarifesinde yaz\u0131l\u0131 olmayan haller i\u00e7in, s\u00f6z konusu Tarifenin birinci k\u0131sm\u0131ndaki di\u011fer t\u00fcr uyu\u015fmazl\u0131klar i\u00e7in belirlenen \u00fccret \u00f6denir.<\/p>\n<p class=\"Metin\"><b>Uyu\u015fmazl\u0131\u011f\u0131n Arabuluculuk-Tahkim Yoluyla \u00c7\u00f6z\u00fclmesinin \u00d6nerilmesinde \u00dccret<\/b><\/p>\n<p class=\"Metin\"><b>MADDE 9 \u2013<\/b>\u00a0(1) Arabuluculuk s\u00fcrecinin sonunda anla\u015fma sa\u011flanamamas\u0131 halinde, anla\u015famama son tutana\u011f\u0131n\u0131n d\u00fczenlenmesinden sonra, arabulucu, taraflar\u0131 arabuluculuk-tahkim yoluna devam etmeleri konusunda; arabuluculuk-tahkimin esaslar\u0131, s\u00fcreci ve hukuki sonu\u00e7lar\u0131 hakk\u0131nda ayd\u0131nlat\u0131p, arabuluculuk-tahkim yoluyla uyu\u015fmazl\u0131\u011f\u0131n \u00e7\u00f6z\u00fclmesinin sosyal, ekonomik ve psikolojik a\u00e7\u0131dan faydalar\u0131n\u0131n olabilece\u011fini hat\u0131rlatarak te\u015fvik edebilir. Bu te\u015fvik \u00fczerine taraflar\u0131n, arabuluculuk-tahkim yoluna devam etmeyi ve bir tahkim merkezinin arabuluculuk-tahkim kurallar\u0131n\u0131 veya tahkim kurallar\u0131n\u0131 uygulamay\u0131 kabul etmeleri halinde, ilgili tahkim merkezi taraf\u0131ndan arabulucuya, bilgilendirme \u00fccreti \u00f6denir.<\/p>\n<p class=\"Metin\"><b>Uygulanacak tarife<\/b><\/p>\n<p class=\"Metin\"><b>MADDE 10 \u2013<\/b>\u00a0(1) Arabuluculuk \u00fccretinin takdirinde, arabuluculuk faaliyetinin sona erdi\u011fi tarihte y\u00fcr\u00fcrl\u00fckte olan tarife esas al\u0131n\u0131r.<\/p>\n<p class=\"Metin\"><b>Y\u00fcr\u00fcrl\u00fck<\/b><\/p>\n<p class=\"Metin\"><b>MADDE 11 \u2013<\/b>\u00a0(1) Bu Tarife 1\/1\/2021 tarihinde y\u00fcr\u00fcrl\u00fc\u011fe girer.<\/p>\n","protected":false},"excerpt":{"rendered":"<p>2021 Y\u0131l\u0131 Arabuluculuk Asgari \u00dccret Tarifesi Ama\u00e7, konu ve kapsam MADDE 1 \u2013\u00a0(1) \u00d6zel hukuk uyu\u015fmazl\u0131klar\u0131n\u0131n arabuluculuk yoluyla \u00e7\u00f6z\u00fcmlenmesinde, arabulucu ile uyu\u015fmazl\u0131\u011f\u0131n taraflar\u0131 aras\u0131nda ge\u00e7erli bir \u00fccret s\u00f6zle\u015fmesi yap\u0131lmam\u0131\u015f olan veya \u00fccret miktar\u0131 konusunda arabulucu ile taraflar aras\u0131nda&#8230;<\/p>\n","protected":false},"author":1,"featured_media":0,"parent":1817,"menu_order":0,"comment_status":"closed","ping_status":"closed","template":"","meta":{"_monsterinsights_skip_tracking":false,"_monsterinsights_sitenote_active":false,"_monsterinsights_sitenote_note":"","_monsterinsights_sitenote_category":0,"footnotes":""},"class_list":["post-1821","page","type-page","status-publish","hentry"],"aioseo_notices":[],"_links":{"self":[{"href":"https:\/\/www.sakaryaarabuluculukmerkezi.com\/index.php?rest_route=\/wp\/v2\/pages\/1821","targetHints":{"allow":["GET"]}}],"collection":[{"href":"https:\/\/www.sakaryaarabuluculukmerkezi.com\/index.php?rest_route=\/wp\/v2\/pages"}],"about":[{"href":"https:\/\/www.sakaryaarabuluculukmerkezi.com\/index.php?rest_route=\/wp\/v2\/types\/page"}],"author":[{"embeddable":true,"href":"https:\/\/www.sakaryaarabuluculukmerkezi.com\/index.php?rest_route=\/wp\/v2\/users\/1"}],"replies":[{"embeddable":true,"href":"https:\/\/www.sakaryaarabuluculukmerkezi.com\/index.php?rest_route=%2Fwp%2Fv2%2Fcomments&post=1821"}],"version-history":[{"count":2,"href":"https:\/\/www.sakaryaarabuluculukmerkezi.com\/index.php?rest_route=\/wp\/v2\/pages\/1821\/revisions"}],"predecessor-version":[{"id":2229,"href":"https:\/\/www.sakaryaarabuluculukmerkezi.com\/index.php?rest_route=\/wp\/v2\/pages\/1821\/revisions\/2229"}],"up":[{"embeddable":true,"href":"https:\/\/www.sakaryaarabuluculukmerkezi.com\/index.php?rest_route=\/wp\/v2\/pages\/1817"}],"wp:attachment":[{"href":"https:\/\/www.sakaryaarabuluculukmerkezi.com\/index.php?rest_route=%2Fwp%2Fv2%2Fmedia&parent=1821"}],"curies":[{"name":"wp","href":"https:\/\/api.w.org\/{rel}","templated":true}]}}