{"id":1825,"date":"2019-03-20T06:46:00","date_gmt":"2019-03-20T06:46:00","guid":{"rendered":"http:\/\/themebeer.com\/wp\/fexa\/?page_id=1825"},"modified":"2021-10-25T16:13:13","modified_gmt":"2021-10-25T16:13:13","slug":"attorneys","status":"publish","type":"page","link":"https:\/\/www.sakaryaarabuluculukmerkezi.com\/?page_id=1825","title":{"rendered":"ARABULUCULARIMIZ"},"content":{"rendered":"<p>[vc_row full_width=&#8221;stretch_row_content_no_spaces&#8221;][vc_column]        \n    <section class=\"section-padding\">\n      <div class=\"container pdb10\">\n        <div class=\"row\">\n          <div class=\"col-lg-4\">\n            <div class=\"section-heading section-heading--left section-heading--border-right mb0\">\n              <h2 class=\"section-title\">\n                Sakarya Arabuluculuk ve \u00c7\u00f6z\u00fcm Merkezi  \n                <span class=\"separator\"><\/span>\n              <\/h2>\n            <\/div>\n          <\/div>\n          <div class=\"col-lg-8\">\n            <div>\n              <p>Sakarya Arabuluculuk Merkezimiz, alternatif \u00e7\u00f6z\u00fcm y\u00f6ntemi olan arabuluculuk mesle\u011fine odaklanm\u0131\u015f, donan\u0131ml\u0131, ba\u011f\u0131ms\u0131z, tarafs\u0131z ve en k\u0131sa s\u00fcrede ger\u00e7ek\u00e7i \u00e7\u00f6z\u00fcmlerle taraflar aras\u0131nda anla\u015fma kurulmas\u0131n\u0131 sa\u011flayabilecek her biri kendi alan\u0131nda uzman arabulucularla \u00e7al\u0131\u015fmaktad\u0131r.<\/p>\n            <\/div>\n          <\/div>\n        <\/div>\n      <\/div>\n    <\/section>\n\n\n    <section class=\"team-section section-padding ash-white-bg\">\n      <div class=\"container\">\n                  <div class=\"row\">\n            <div class=\"col-md-12\">\n              <div class=\"section-heading text-center\">\n                <h2 class=\"section-title\">Uzman Arabulucular\u0131m\u0131z<\/h2>\n              <\/div>\n            <\/div>\n          <\/div>\n                <div class=\"row no-gutters\">\n              \n                <div class=\"col-lg-3 col-sm-6\">\n                  <div class=\"team-member mb0\">\n                     \n                      <div class=\"team-member__image\">\n                        <div class=\"overlay\"><\/div>\n                        <ul class=\"social\">\n                                                      <li><a href=\"#\"><i class=\"fa fa-twitter\"><\/i><\/a><\/li>\n                                                                                <li><a href=\"#\"><i class=\"fa fa-linkedin\"><\/i><\/a><\/li>\n                                                                                <li><a href=\"#\"><i class=\"fa fa-google-plus\"><\/i><\/a><\/li>\n                                                                                <li><a href=\"#\"><i class=\"fa fa-facebook\"><\/i><\/a><\/li>\n                           \n                        <\/ul>\n                        <img fetchpriority=\"high\" decoding=\"async\" width=\"291\" height=\"321\" src=\"https:\/\/www.sakaryaarabuluculukmerkezi.com\/wp-content\/uploads\/2019\/03\/ahmet-bey.jpg\" class=\"attachment-post-thumbnail size-post-thumbnail wp-post-image\" alt=\"\" srcset=\"https:\/\/www.sakaryaarabuluculukmerkezi.com\/wp-content\/uploads\/2019\/03\/ahmet-bey.jpg 291w, https:\/\/www.sakaryaarabuluculukmerkezi.com\/wp-content\/uploads\/2019\/03\/ahmet-bey-272x300.jpg 272w\" sizes=\"(max-width: 291px) 100vw, 291px\" \/>                      <\/div>\n                      \n                    <div class=\"team-member__text-content\">\n                      <h4 class=\"heading-lavel-4 team-member__title\"><a href=\"https:\/\/www.sakaryaarabuluculukmerkezi.com\/?tc_attorney=ahmetcil\">Ahmet \u00c7il<\/a><\/h4>\n                      <span class=\"team-member__designation\">AVUKAT &amp; ARABULUCU<\/span>\n                    <\/div>\n                  <\/div> \n                <\/div>\n                \n                <div class=\"col-lg-3 col-sm-6\">\n                  <div class=\"team-member mb0\">\n                     \n                      <div class=\"team-member__image\">\n                        <div class=\"overlay\"><\/div>\n                        <ul class=\"social\">\n                                                      <li><a href=\"#\"><i class=\"fa fa-twitter\"><\/i><\/a><\/li>\n                                                                                <li><a href=\"#\"><i class=\"fa fa-linkedin\"><\/i><\/a><\/li>\n                                                                                <li><a href=\"#\"><i class=\"fa fa-google-plus\"><\/i><\/a><\/li>\n                                                                                <li><a href=\"#\"><i class=\"fa fa-facebook\"><\/i><\/a><\/li>\n                           \n                        <\/ul>\n                        <img decoding=\"async\" width=\"291\" height=\"321\" src=\"https:\/\/www.sakaryaarabuluculukmerkezi.com\/wp-content\/uploads\/2019\/03\/Emine-Fusun-Atilla.jpg\" class=\"attachment-post-thumbnail size-post-thumbnail wp-post-image\" alt=\"\" srcset=\"https:\/\/www.sakaryaarabuluculukmerkezi.com\/wp-content\/uploads\/2019\/03\/Emine-Fusun-Atilla.jpg 291w, https:\/\/www.sakaryaarabuluculukmerkezi.com\/wp-content\/uploads\/2019\/03\/Emine-Fusun-Atilla-272x300.jpg 272w\" sizes=\"(max-width: 291px) 100vw, 291px\" \/>                      <\/div>\n                      \n                    <div class=\"team-member__text-content\">\n                      <h4 class=\"heading-lavel-4 team-member__title\"><a href=\"https:\/\/www.sakaryaarabuluculukmerkezi.com\/?tc_attorney=emineatilla\">Emine F\u00fcsun AT\u0130LLA<\/a><\/h4>\n                      <span class=\"team-member__designation\">AVUKAT &amp; ARABULUCU<\/span>\n                    <\/div>\n                  <\/div> \n                <\/div>\n                \n                <div class=\"col-lg-3 col-sm-6\">\n                  <div class=\"team-member mb0\">\n                     \n                      <div class=\"team-member__image\">\n                        <div class=\"overlay\"><\/div>\n                        <ul class=\"social\">\n                                                      <li><a href=\"#\"><i class=\"fa fa-twitter\"><\/i><\/a><\/li>\n                                                                                <li><a href=\"#\"><i class=\"fa fa-linkedin\"><\/i><\/a><\/li>\n                                                                                <li><a href=\"#\"><i class=\"fa fa-google-plus\"><\/i><\/a><\/li>\n                                                                                <li><a href=\"#\"><i class=\"fa fa-facebook\"><\/i><\/a><\/li>\n                           \n                        <\/ul>\n                        <img decoding=\"async\" width=\"291\" height=\"321\" src=\"https:\/\/www.sakaryaarabuluculukmerkezi.com\/wp-content\/uploads\/2019\/03\/1-1-2.jpg\" class=\"attachment-post-thumbnail size-post-thumbnail wp-post-image\" alt=\"\" srcset=\"https:\/\/www.sakaryaarabuluculukmerkezi.com\/wp-content\/uploads\/2019\/03\/1-1-2.jpg 291w, https:\/\/www.sakaryaarabuluculukmerkezi.com\/wp-content\/uploads\/2019\/03\/1-1-2-272x300.jpg 272w\" sizes=\"(max-width: 291px) 100vw, 291px\" \/>                      <\/div>\n                      \n                    <div class=\"team-member__text-content\">\n                      <h4 class=\"heading-lavel-4 team-member__title\"><a href=\"https:\/\/www.sakaryaarabuluculukmerkezi.com\/?tc_attorney=sukrantasdemir\">\u015e\u00fckran Ta\u015fdemir ELB\u0130RL\u0130K<\/a><\/h4>\n                      <span class=\"team-member__designation\">AVUKAT<\/span>\n                    <\/div>\n                  <\/div> \n                <\/div>\n                \n                <div class=\"col-lg-3 col-sm-6\">\n                  <div class=\"team-member mb0\">\n                     \n                      <div class=\"team-member__image\">\n                        <div class=\"overlay\"><\/div>\n                        <ul class=\"social\">\n                                                      <li><a href=\"#\"><i class=\"fa fa-twitter\"><\/i><\/a><\/li>\n                                                                                <li><a href=\"#\"><i class=\"fa fa-linkedin\"><\/i><\/a><\/li>\n                                                                                <li><a href=\"#\"><i class=\"fa fa-google-plus\"><\/i><\/a><\/li>\n                                                                                <li><a href=\"#\"><i class=\"fa fa-facebook\"><\/i><\/a><\/li>\n                           \n                        <\/ul>\n                        <img loading=\"lazy\" decoding=\"async\" width=\"291\" height=\"321\" src=\"https:\/\/www.sakaryaarabuluculukmerkezi.com\/wp-content\/uploads\/2019\/03\/1-1-1-1.jpg\" class=\"attachment-post-thumbnail size-post-thumbnail wp-post-image\" alt=\"\" srcset=\"https:\/\/www.sakaryaarabuluculukmerkezi.com\/wp-content\/uploads\/2019\/03\/1-1-1-1.jpg 291w, https:\/\/www.sakaryaarabuluculukmerkezi.com\/wp-content\/uploads\/2019\/03\/1-1-1-1-272x300.jpg 272w\" sizes=\"(max-width: 291px) 100vw, 291px\" \/>                      <\/div>\n                      \n                    <div class=\"team-member__text-content\">\n                      <h4 class=\"heading-lavel-4 team-member__title\"><a href=\"https:\/\/www.sakaryaarabuluculukmerkezi.com\/?tc_attorney=sinantasdemir\">Sinan TA\u015eDEM\u0130R<\/a><\/h4>\n                      <span class=\"team-member__designation\">AVUKAT &amp; ARABULUCU<\/span>\n                    <\/div>\n                  <\/div> \n                <\/div>\n                \n                <div class=\"col-lg-3 col-sm-6\">\n                  <div class=\"team-member mb0\">\n                     \n                      <div class=\"team-member__image\">\n                        <div class=\"overlay\"><\/div>\n                        <ul class=\"social\">\n                                                      <li><a href=\"#\"><i class=\"fa fa-twitter\"><\/i><\/a><\/li>\n                                                                                <li><a href=\"#\"><i class=\"fa fa-linkedin\"><\/i><\/a><\/li>\n                                                                                <li><a href=\"#\"><i class=\"fa fa-google-plus\"><\/i><\/a><\/li>\n                                                                                <li><a href=\"#\"><i class=\"fa fa-facebook\"><\/i><\/a><\/li>\n                           \n                        <\/ul>\n                        <img loading=\"lazy\" decoding=\"async\" width=\"291\" height=\"321\" src=\"https:\/\/www.sakaryaarabuluculukmerkezi.com\/wp-content\/uploads\/2019\/03\/Ahmet-Bulent-atesoglu.jpg\" class=\"attachment-post-thumbnail size-post-thumbnail wp-post-image\" alt=\"\" srcset=\"https:\/\/www.sakaryaarabuluculukmerkezi.com\/wp-content\/uploads\/2019\/03\/Ahmet-Bulent-atesoglu.jpg 291w, https:\/\/www.sakaryaarabuluculukmerkezi.com\/wp-content\/uploads\/2019\/03\/Ahmet-Bulent-atesoglu-272x300.jpg 272w\" sizes=\"(max-width: 291px) 100vw, 291px\" \/>                      <\/div>\n                      \n                    <div class=\"team-member__text-content\">\n                      <h4 class=\"heading-lavel-4 team-member__title\"><a href=\"https:\/\/www.sakaryaarabuluculukmerkezi.com\/?tc_attorney=ahmetbulent\">Ahmet B\u00fclent ATE\u015eO\u011eLU<\/a><\/h4>\n                      <span class=\"team-member__designation\">AVUKAT &amp; ARABULUCU<\/span>\n                    <\/div>\n                  <\/div> \n                <\/div>\n                \n                <div class=\"col-lg-3 col-sm-6\">\n                  <div class=\"team-member mb0\">\n                     \n                      <div class=\"team-member__image\">\n                        <div class=\"overlay\"><\/div>\n                        <ul class=\"social\">\n                                                      <li><a href=\"#\"><i class=\"fa fa-twitter\"><\/i><\/a><\/li>\n                                                                                <li><a href=\"#\"><i class=\"fa fa-linkedin\"><\/i><\/a><\/li>\n                                                                                <li><a href=\"#\"><i class=\"fa fa-google-plus\"><\/i><\/a><\/li>\n                                                                                <li><a href=\"#\"><i class=\"fa fa-facebook\"><\/i><\/a><\/li>\n                           \n                        <\/ul>\n                        <img loading=\"lazy\" decoding=\"async\" width=\"291\" height=\"321\" src=\"https:\/\/www.sakaryaarabuluculukmerkezi.com\/wp-content\/uploads\/2019\/05\/Ahmet-Nalbant.jpg\" class=\"attachment-post-thumbnail size-post-thumbnail wp-post-image\" alt=\"\" srcset=\"https:\/\/www.sakaryaarabuluculukmerkezi.com\/wp-content\/uploads\/2019\/05\/Ahmet-Nalbant.jpg 291w, https:\/\/www.sakaryaarabuluculukmerkezi.com\/wp-content\/uploads\/2019\/05\/Ahmet-Nalbant-272x300.jpg 272w\" sizes=\"(max-width: 291px) 100vw, 291px\" \/>                      <\/div>\n                      \n                    <div class=\"team-member__text-content\">\n                      <h4 class=\"heading-lavel-4 team-member__title\"><a href=\"https:\/\/www.sakaryaarabuluculukmerkezi.com\/?tc_attorney=ahmetnalbant\">Ahmet Nalbant<\/a><\/h4>\n                      <span class=\"team-member__designation\">AVUKAT &amp; ARABULUCU<\/span>\n                    <\/div>\n                  <\/div> \n                <\/div>\n                \n                <div class=\"col-lg-3 col-sm-6\">\n                  <div class=\"team-member mb0\">\n                     \n                      <div class=\"team-member__image\">\n                        <div class=\"overlay\"><\/div>\n                        <ul class=\"social\">\n                                                                                                         \n                        <\/ul>\n                        <img loading=\"lazy\" decoding=\"async\" width=\"291\" height=\"321\" src=\"https:\/\/www.sakaryaarabuluculukmerkezi.com\/wp-content\/uploads\/2021\/10\/osman-ayar.jpg\" class=\"attachment-post-thumbnail size-post-thumbnail wp-post-image\" alt=\"\" srcset=\"https:\/\/www.sakaryaarabuluculukmerkezi.com\/wp-content\/uploads\/2021\/10\/osman-ayar.jpg 291w, https:\/\/www.sakaryaarabuluculukmerkezi.com\/wp-content\/uploads\/2021\/10\/osman-ayar-272x300.jpg 272w\" sizes=\"(max-width: 291px) 100vw, 291px\" \/>                      <\/div>\n                      \n                    <div class=\"team-member__text-content\">\n                      <h4 class=\"heading-lavel-4 team-member__title\"><a href=\"https:\/\/www.sakaryaarabuluculukmerkezi.com\/?tc_attorney=osmanayar\">Osman AYAR<\/a><\/h4>\n                      <span class=\"team-member__designation\">AVUKAT &amp; ARABULUCU<\/span>\n                    <\/div>\n                  <\/div> \n                <\/div>\n                \n        <\/div>\n              <\/div>\n    <\/section>\n[\/vc_column][\/vc_row]<\/p>\n","protected":false},"excerpt":{"rendered":"<p>[vc_row full_width=&#8221;stretch_row_content_no_spaces&#8221;][vc_column][\/vc_column][\/vc_row]<\/p>\n","protected":false},"author":1,"featured_media":0,"parent":0,"menu_order":0,"comment_status":"closed","ping_status":"closed","template":"template-parts\/tmp-box-page.php","meta":{"_monsterinsights_skip_tracking":false,"_monsterinsights_sitenote_active":false,"_monsterinsights_sitenote_note":"","_monsterinsights_sitenote_category":0,"footnotes":""},"class_list":["post-1825","page","type-page","status-publish","hentry"],"aioseo_notices":[],"_links":{"self":[{"href":"https:\/\/www.sakaryaarabuluculukmerkezi.com\/index.php?rest_route=\/wp\/v2\/pages\/1825","targetHints":{"allow":["GET"]}}],"collection":[{"href":"https:\/\/www.sakaryaarabuluculukmerkezi.com\/index.php?rest_route=\/wp\/v2\/pages"}],"about":[{"href":"https:\/\/www.sakaryaarabuluculukmerkezi.com\/index.php?rest_route=\/wp\/v2\/types\/page"}],"author":[{"embeddable":true,"href":"https:\/\/www.sakaryaarabuluculukmerkezi.com\/index.php?rest_route=\/wp\/v2\/users\/1"}],"replies":[{"embeddable":true,"href":"https:\/\/www.sakaryaarabuluculukmerkezi.com\/index.php?rest_route=%2Fwp%2Fv2%2Fcomments&post=1825"}],"version-history":[{"count":3,"href":"https:\/\/www.sakaryaarabuluculukmerkezi.com\/index.php?rest_route=\/wp\/v2\/pages\/1825\/revisions"}],"predecessor-version":[{"id":2296,"href":"https:\/\/www.sakaryaarabuluculukmerkezi.com\/index.php?rest_route=\/wp\/v2\/pages\/1825\/revisions\/2296"}],"wp:attachment":[{"href":"https:\/\/www.sakaryaarabuluculukmerkezi.com\/index.php?rest_route=%2Fwp%2Fv2%2Fmedia&parent=1825"}],"curies":[{"name":"wp","href":"https:\/\/api.w.org\/{rel}","templated":true}]}}