{"id":2251,"date":"2021-06-15T13:52:36","date_gmt":"2021-06-15T13:52:36","guid":{"rendered":"http:\/\/www.sakaryaarabuluculukmerkezi.com\/?page_id=2251"},"modified":"2021-06-15T14:44:48","modified_gmt":"2021-06-15T14:44:48","slug":"arabulucuk-formu","status":"publish","type":"page","link":"https:\/\/www.sakaryaarabuluculukmerkezi.com\/?page_id=2251","title":{"rendered":"Arabulucuk Formu"},"content":{"rendered":"<div class=\"wpforms-container wpforms-container-full wpforms-block\" id=\"wpforms-2249\"><form id=\"wpforms-form-2249\" class=\"wpforms-validate wpforms-form\" data-formid=\"2249\" method=\"post\" enctype=\"multipart\/form-data\" action=\"\/index.php?rest_route=%2Fwp%2Fv2%2Fpages%2F2251\" data-token=\"0d9ffa4d6068e1d646971981700d7af7\" data-token-time=\"1775270820\"><noscript class=\"wpforms-error-noscript\">Bu formu bitirebilmek i\u00e7in taray\u0131c\u0131n\u0131zda JavaScript&#039;i etkinle\u015ftirin.<\/noscript><div class=\"wpforms-field-container\"><div id=\"wpforms-2249-field_0-container\" class=\"wpforms-field wpforms-field-name\" data-field-id=\"0\"><label class=\"wpforms-field-label\" for=\"wpforms-2249-field_0\">Ad\u0131n\u0131z Soyad\u0131n\u0131z <span class=\"wpforms-required-label\">*<\/span><\/label><input type=\"text\" id=\"wpforms-2249-field_0\" class=\"wpforms-field-medium wpforms-field-required\" name=\"wpforms[fields][0]\" required><\/div><div id=\"wpforms-2249-field_1-container\" class=\"wpforms-field wpforms-field-email\" data-field-id=\"1\"><label class=\"wpforms-field-label\" for=\"wpforms-2249-field_1\">E-Posta Adresiniz <span class=\"wpforms-required-label\">*<\/span><\/label><input type=\"email\" id=\"wpforms-2249-field_1\" class=\"wpforms-field-medium wpforms-field-required\" name=\"wpforms[fields][1]\" spellcheck=\"false\" required><\/div><div id=\"wpforms-2249-field_5-container\" class=\"wpforms-field wpforms-field-number\" data-field-id=\"5\"><label class=\"wpforms-field-label\" for=\"wpforms-2249-field_5\">Telefon Numaran\u0131z <span class=\"wpforms-required-label\">*<\/span><\/label><input type=\"number\" id=\"wpforms-2249-field_5\" class=\"wpforms-field-medium wpforms-field-required\" name=\"wpforms[fields][5]\" required><\/div><div id=\"wpforms-2249-field_3-container\" class=\"wpforms-field wpforms-field-text\" data-field-id=\"3\"><label class=\"wpforms-field-label\" for=\"wpforms-2249-field_3\">Kar\u015f\u0131 Taraf\u0131n Tam Ad\u0131 (Firma Ya da \u015eah\u0131s) <span class=\"wpforms-required-label\">*<\/span><\/label><input type=\"text\" id=\"wpforms-2249-field_3\" class=\"wpforms-field-medium wpforms-field-required\" name=\"wpforms[fields][3]\" required><\/div><div id=\"wpforms-2249-field_4-container\" class=\"wpforms-field wpforms-field-textarea\" data-field-id=\"4\"><label class=\"wpforms-field-label\" for=\"wpforms-2249-field_4\">Uyu\u015fmazl\u0131k Konusu <span class=\"wpforms-required-label\">*<\/span><\/label><textarea id=\"wpforms-2249-field_4\" class=\"wpforms-field-medium wpforms-field-required\" name=\"wpforms[fields][4]\" required><\/textarea><\/div><div id=\"wpforms-2249-field_2-container\" class=\"wpforms-field wpforms-field-radio wpforms-list-3-columns\" data-field-id=\"2\"><label class=\"wpforms-field-label\" for=\"wpforms-2249-field_2\">Uyu\u015fmazl\u0131k Konusu <span class=\"wpforms-required-label\">*<\/span><\/label><ul id=\"wpforms-2249-field_2\" class=\"wpforms-field-required\"><li class=\"choice-1 depth-1\"><input type=\"radio\" id=\"wpforms-2249-field_2_1\" name=\"wpforms[fields][2]\" value=\"\u0130\u015f Hukuku Uyu\u015fmazl\u0131\u011f\u0131\" required ><label class=\"wpforms-field-label-inline\" for=\"wpforms-2249-field_2_1\">\u0130\u015f Hukuku Uyu\u015fmazl\u0131\u011f\u0131<\/label><\/li><li class=\"choice-2 depth-1\"><input type=\"radio\" id=\"wpforms-2249-field_2_2\" name=\"wpforms[fields][2]\" value=\"Ticaret Hukuku Uyu\u015fmazl\u0131\u011f\u0131\" required ><label class=\"wpforms-field-label-inline\" for=\"wpforms-2249-field_2_2\">Ticaret Hukuku Uyu\u015fmazl\u0131\u011f\u0131<\/label><\/li><li class=\"choice-3 depth-1\"><input type=\"radio\" id=\"wpforms-2249-field_2_3\" name=\"wpforms[fields][2]\" value=\"T\u00fcketici Hukuku Uyu\u015fmazl\u0131\u011f\u0131\" required ><label class=\"wpforms-field-label-inline\" for=\"wpforms-2249-field_2_3\">T\u00fcketici Hukuku Uyu\u015fmazl\u0131\u011f\u0131<\/label><\/li><\/ul><\/div><div id=\"wpforms-2249-field_10-container\" class=\"wpforms-field wpforms-field-checkbox\" data-field-id=\"10\"><label class=\"wpforms-field-label\" for=\"wpforms-2249-field_10\">Kabul Ediyorum <span class=\"wpforms-required-label\">*<\/span><\/label><ul id=\"wpforms-2249-field_10\" class=\"wpforms-field-required\"><li class=\"choice-1 depth-1\"><input type=\"checkbox\" id=\"wpforms-2249-field_10_1\" name=\"wpforms[fields][10][]\" value=\"Yukar\u0131da belirtti\u011fim ki\u015fisel verilerimin Sakarya Arabuluculuk ve \u00c7\u00f6z\u00fcm Merkezi taraf\u0131ndan kurulu\u015f ama\u00e7lar\u0131 \u00e7er\u00e7evesinde i\u015flenmesine r\u0131za veriyorum. Sakarya Arabuluculuk ve \u00c7\u00f6z\u00fcm Merkezi taraf\u0131ndan kurulu\u015f ama\u00e7lar\u0131 \u00e7er\u00e7evesinde SMS ve E-Posta g\u00f6nderilmesini kabul ediyorum.\" required ><label class=\"wpforms-field-label-inline\" for=\"wpforms-2249-field_10_1\">Yukar\u0131da belirtti\u011fim ki\u015fisel verilerimin Sakarya Arabuluculuk ve \u00c7\u00f6z\u00fcm Merkezi taraf\u0131ndan kurulu\u015f ama\u00e7lar\u0131 \u00e7er\u00e7evesinde i\u015flenmesine r\u0131za veriyorum. Sakarya Arabuluculuk ve \u00c7\u00f6z\u00fcm Merkezi taraf\u0131ndan kurulu\u015f ama\u00e7lar\u0131 \u00e7er\u00e7evesinde SMS ve E-Posta g\u00f6nderilmesini kabul ediyorum.<\/label><\/li><\/ul><\/div><\/div><!-- .wpforms-field-container --><div class=\"wpforms-submit-container\" ><input type=\"hidden\" name=\"wpforms[id]\" value=\"2249\"><input type=\"hidden\" name=\"page_title\" value=\"\"><input type=\"hidden\" name=\"page_url\" value=\"https:\/\/www.sakaryaarabuluculukmerkezi.com\/index.php?rest_route=%2Fwp%2Fv2%2Fpages%2F2251\"><button type=\"submit\" name=\"wpforms[submit]\" id=\"wpforms-submit-2249\" class=\"wpforms-submit\" data-alt-text=\"G\u00f6nderiliyor...\" data-submit-text=\"G\u00f6nder\" aria-live=\"assertive\" value=\"wpforms-submit\">G\u00f6nder<\/button><\/div><\/form><\/div>  <!-- .wpforms-container -->\n\n\n<p><strong>T\u0130CAR\u0130 UYU\u015eMAZLIKLARDA DAVA \u015eARTI ARABULUCULUK<\/strong><\/p>\n\n\n\n<p>19 Aral\u0131k 2018 tarihli ve 30630 say\u0131l\u0131 Resmi Gazete\u2019de yay\u0131nlanarak y\u00fcr\u00fcrl\u00fc\u011fe giren Abonelik S\u00f6zle\u015fmesinden Kaynaklanan Para Alacaklar\u0131na \u0130li\u015fkin Takibin Ba\u015flat\u0131lmas\u0131 Usul\u00fc Hakk\u0131nda Kanun kapsam\u0131nda ticari alacak davalar\u0131nda arabulucuya ba\u015fvurma \u015fart\u0131 getirilmi\u015f ve bu do\u011frultuda T\u00fcrk Ticaret Kanunu ve Hukuk Uyu\u015fmazl\u0131klar\u0131nda Arabuluculuk Kanunu\u2019nda birtak\u0131m de\u011fi\u015fiklikler yap\u0131lm\u0131\u015ft\u0131r.<\/p>\n\n\n\n<p>Bu kapsamda; TTK\u2019ya&nbsp;<strong>madde 5\/A<\/strong>&nbsp;eklenerek 4. maddesinde belirtilen davalardan konusu bir miktar paran\u0131n \u00f6denmesi olan alacak ve tazminat talepleri hakk\u0131nda dava a\u00e7\u0131lmadan \u00f6nce arabulucuya ba\u015fvurulmas\u0131 zorunlulu\u011fu getirilmi\u015ftir. Bu halde bahsi ge\u00e7en uyu\u015fmazl\u0131k hallerinde dava a\u00e7madan \u00f6nce arabulucuya ba\u015fvurulmu\u015f olunmas\u0131 dava \u015fart\u0131 olarak d\u00fczenlenmi\u015ftir.<\/p>\n\n\n\n<p>Bu nedenle belirtilen ticari uyu\u015fmazl\u0131klarda dava yoluna gidilmeden \u00f6nce arabulucu ba\u015fvuru formunu doldurarak \u00f6ncelikle arabuluculu\u011fa ba\u015fvurmak bir dava \u015fart\u0131 haline gelmi\u015ftir. Arabuluculu\u011fa ba\u015fvurmaks\u0131z\u0131n a\u00e7\u0131lacak davalar, dava \u015fart\u0131 yoklu\u011fu sebebiyle dosyan\u0131n esas\u0131na girilmeksizin usulden reddedilecektir.<\/p>\n\n\n\n<p><strong>\u0130\u015e HUKUKUNA DAYALI UYU\u015eMAZLIKLARDA DAVA \u015eARTI ARABULUCULUK<\/strong><\/p>\n\n\n\n<p>Dava \u015fart\u0131 olarak arabuluculuk kurumu hukukumuza ilk defa 7036 say\u0131l\u0131 \u0130\u015f Mahkemeleri Kanunuyla girmi\u015ftir. 7036 say\u0131l\u0131 \u0130\u015f Mahkemeleri Kanunu\u2019nun 3 \u00fcnc\u00fc maddesinin birinci f\u0131kras\u0131 uyar\u0131nca, kanuna, bireysel veya toplu i\u015f s\u00f6zle\u015fmesine dayanan i\u015f\u00e7i veya i\u015fveren alaca\u011f\u0131 ve tazminat\u0131 ile i\u015fe iade talebiyle a\u00e7\u0131lan davalarda, arabulucuya ba\u015fvurulmu\u015f olmas\u0131 dava \u015fart\u0131d\u0131r.<\/p>\n\n\n\n<p>Bu nedenle belirtilen i\u015f hukukuna ili\u015fkin uyu\u015fmazl\u0131klarda dava yoluna gidilmeden \u00f6nce arabulucu ba\u015fvuru formunu doldurarak \u00f6ncelikle arabuluculu\u011fa ba\u015fvurmak bir yasal zorunluluktur. Arabuluculu\u011fa ba\u015fvurmaks\u0131z\u0131n a\u00e7\u0131lacak davalar, dava \u015fart\u0131 yoklu\u011fu sebebiyle dosyan\u0131n esas\u0131na girilmeksizin usulden reddedilecektir.<\/p>\n\n\n\n<p><strong>T\u00dcKET\u0130C\u0130 HUKUKUNA DAYALI UYU\u015eMAZLIKLARDA DAVA \u015eARTI ARABULUCULUK<\/strong><\/p>\n\n\n\n<p>Dava \u015fart\u0131 arabuluculuk m\u00fcessesesi 28\/7\/2020 tarihli ve 31199 say\u0131l\u0131 Resmi Gazete\u2019de yay\u0131mlanarak y\u00fcr\u00fcrl\u00fc\u011fe giren 7251 say\u0131l\u0131 Hukuk Muhakemeleri Kanunu ile Baz\u0131 Kanunlarda De\u011fi\u015fiklik Yap\u0131lmas\u0131 Hakk\u0131nda Kanun ile t\u00fcketici uyu\u015fmazl\u0131klar\u0131nda zorunlu hale getirilmi\u015ftir.<\/p>\n\n\n\n<p>10.390 TL\u2019nin alt\u0131ndaki t\u00fcketici uyu\u015fmazl\u0131klar\u0131&nbsp;ile&nbsp;<strong>t\u00fcketici hakem heyeti kararlar\u0131na kar\u015f\u0131 t\u00fcketici mahkemelerine yap\u0131lan itirazlar say\u0131lm\u0131\u015f olup, bu hususlar dava \u015fart\u0131 arabuluculuk kapsam\u0131 d\u0131\u015f\u0131nda tutulmu\u015ftur.<\/strong><\/p>\n\n\n\n<p>T\u00fcketicinin \u00f6demesi gereken arabuluculuk \u00fccreti Adalet Bakanl\u0131\u011f\u0131 b\u00fct\u00e7esinden kar\u015f\u0131lanacakt\u0131r. Adalet Bakanl\u0131\u011f\u0131 taraf\u0131ndan kar\u015f\u0131lanacak olan arabuluculuk \u00fccreti, Arabuluculuk Asgari \u00dccret Tarifesi\u2019nin eki Arabuluculuk \u00dccret Tarifesinin Birinci K\u0131sm\u0131na g\u00f6re en fazla iki saatlik \u00fccret tutar\u0131 olacakt\u0131r. Arabuluculuk faaliyeti sonunda a\u00e7\u0131lan davan\u0131n t\u00fcketici lehine sonu\u00e7lanmas\u0131 h\u00e2linde arabuluculuk \u00fccreti, 6183 say\u0131l\u0131 Kanun h\u00fck\u00fcmlerine g\u00f6re daval\u0131dan tahsil olunarak b\u00fct\u00e7eye gelir kaydedilecektir.<\/p>\n\n\n\n<p>Arabuluculu\u011fa ba\u015fvurmaks\u0131z\u0131n a\u00e7\u0131lacak davalar, dava \u015fart\u0131 yoklu\u011fu sebebiyle dosyan\u0131n esas\u0131na girilmeksizin usulden reddedilecektir.<\/p>\n\n\n\n<p><\/p>\n","protected":false},"excerpt":{"rendered":"<p>T\u0130CAR\u0130 UYU\u015eMAZLIKLARDA DAVA \u015eARTI ARABULUCULUK 19 Aral\u0131k 2018 tarihli ve 30630 say\u0131l\u0131 Resmi Gazete\u2019de yay\u0131nlanarak y\u00fcr\u00fcrl\u00fc\u011fe giren Abonelik S\u00f6zle\u015fmesinden Kaynaklanan Para Alacaklar\u0131na \u0130li\u015fkin Takibin Ba\u015flat\u0131lmas\u0131 Usul\u00fc Hakk\u0131nda Kanun kapsam\u0131nda ticari alacak davalar\u0131nda arabulucuya ba\u015fvurma \u015fart\u0131 getirilmi\u015f ve bu&#8230;<\/p>\n","protected":false},"author":1,"featured_media":0,"parent":0,"menu_order":0,"comment_status":"closed","ping_status":"closed","template":"","meta":{"_monsterinsights_skip_tracking":false,"_monsterinsights_sitenote_active":false,"_monsterinsights_sitenote_note":"","_monsterinsights_sitenote_category":0,"footnotes":""},"class_list":["post-2251","page","type-page","status-publish","hentry"],"aioseo_notices":[],"_links":{"self":[{"href":"https:\/\/www.sakaryaarabuluculukmerkezi.com\/index.php?rest_route=\/wp\/v2\/pages\/2251","targetHints":{"allow":["GET"]}}],"collection":[{"href":"https:\/\/www.sakaryaarabuluculukmerkezi.com\/index.php?rest_route=\/wp\/v2\/pages"}],"about":[{"href":"https:\/\/www.sakaryaarabuluculukmerkezi.com\/index.php?rest_route=\/wp\/v2\/types\/page"}],"author":[{"embeddable":true,"href":"https:\/\/www.sakaryaarabuluculukmerkezi.com\/index.php?rest_route=\/wp\/v2\/users\/1"}],"replies":[{"embeddable":true,"href":"https:\/\/www.sakaryaarabuluculukmerkezi.com\/index.php?rest_route=%2Fwp%2Fv2%2Fcomments&post=2251"}],"version-history":[{"count":2,"href":"https:\/\/www.sakaryaarabuluculukmerkezi.com\/index.php?rest_route=\/wp\/v2\/pages\/2251\/revisions"}],"predecessor-version":[{"id":2257,"href":"https:\/\/www.sakaryaarabuluculukmerkezi.com\/index.php?rest_route=\/wp\/v2\/pages\/2251\/revisions\/2257"}],"wp:attachment":[{"href":"https:\/\/www.sakaryaarabuluculukmerkezi.com\/index.php?rest_route=%2Fwp%2Fv2%2Fmedia&parent=2251"}],"curies":[{"name":"wp","href":"https:\/\/api.w.org\/{rel}","templated":true}]}}